{"id":3,"date":"2022-02-07T17:43:10","date_gmt":"2022-02-07T17:43:10","guid":{"rendered":"http:\/\/box5322\/cgi\/addon_GT.cgi?s=GT::WP::Install::EIG+%28kactusco%29+-+10.24.48.82+%5BWordpress%3b+\/var\/hp\/common\/lib\/Wordpress.pm%3b+543%3b+Hosting::gap_call%5D\/?page_id=3"},"modified":"2022-04-14T06:01:50","modified_gmt":"2022-04-14T06:01:50","slug":"aviso-de-privacidad","status":"publish","type":"page","link":"https:\/\/kactus.com.mx\/staging\/8500\/aviso-de-privacidad\/","title":{"rendered":"Aviso de Privacidad"},"content":{"rendered":"\n<p>El presente aviso de privacidad se emite en cumplimiento por lo dispuesto por el art\u00edculo 15 de la Ley Federal de Protecci\u00f3n de Datos Personales en Posesi\u00f3n de los Particulares publicada el 5 de julio de 2010 en el Diario Oficial de la Federaci\u00f3n, se pone a disposici\u00f3n de los usuarios que entreguen datos o informaci\u00f3n personal a <em>Kactus Experiences<\/em>.<\/p>\n\n\n\n<p>En nuestro car\u00e1cter de responsables en el tratamiento de datos personales observamos los principios que marca la ley, de licitud, consentimiento, informaci\u00f3n, calidad, finalidad, lealtad, proporcionalidad y responsabilidad.<\/p>\n\n\n\n<h4 class=\"wp-block-heading\"><em>Responsable de la protecci\u00f3n de Datos Personales<\/em><\/h4>\n\n\n\n<p><em>Kactus Experiences<\/em>, con domicilio en Zacatecas No.213, Col. Roma Norte, Alcald\u00eda Cuauht\u00e9moc, C.P. 06700 es responsable de recabar sus datos personales, del uso que se le d\u00e9 a los mismos y de su protecci\u00f3n.<\/p>\n\n\n\n<h3 class=\"wp-block-heading\">Forma, medios de contacto y notificaciones<\/h3>\n\n\n\n<p>Para contactarnos, deber\u00e1 hacerlo por correo electr\u00f3nico a la siguiente direcci\u00f3n electr\u00f3nica: <a href=\"mailto:kactustour.mx@gmail.com\">kactustour.<\/a><a href=\"mailto:kactustour.mx@gmail.com\" target=\"_blank\" rel=\"noreferrer noopener nofollow\">mx@gmail.com<\/a>, pagina web: <a href=\"https:\/\/kactus.com.mx\/staging\/8500\/\">https:\/\/kactus.com.mx\/staging\/8500\/<\/a>; Facebook: <a href=\"https:\/\/www.facebook.com\/KactusExperiences\" target=\"_blank\" rel=\"noreferrer noopener\">https:\/\/www.facebook.com\/KactusExperiences<\/a>; tel\u00e9fono +525543754436, correo postal a la siguiente direcci\u00f3n: Zacatecas No.213, Col. Roma Norte, Alcald\u00eda Cuauht\u00e9moc, C.P.06700<\/p>\n\n\n\n<h4 class=\"wp-block-heading\"><em>Datos recabados y obtenci\u00f3n de datos personales<\/em><\/h4>\n\n\n\n<p>Los datos personales que solicita <em>Kactus Experiences<\/em> son recabados de manera directa; por nuestra p\u00e1gina web, mediante nuestra p\u00e1gina de Facebook, WhatsApp, Instagram, cuando ingresa sus datos o utiliza nuestros servicios en l\u00ednea, plataformas digitales,&nbsp; telef\u00f3nicamente y a trav\u00e9s de la oficina. Los datos que recabamos son los siguientes: Nombre y apellidos, nacionalidad, ciudad de procedencia, tel\u00e9fono fijo o celular, correo electr\u00f3nico, datos fiscales de facturaci\u00f3n (Registro Federal de Contribuyentes, domicilio fiscal) y dem\u00e1s datos necesarios para generar una reserva.<\/p>\n\n\n\n<p>Al adquirir alguno de nuestros servicios, se considerar\u00e1 que est\u00e1 otorg\u00e1ndonos su consentimiento expreso para el tratamiento de estos datos.<\/p>\n\n\n\n<p>Toda vez que la Ley permite otras fuentes de allegarnos de informaci\u00f3n como lo son directorios telef\u00f3nicos, de servicios y laborales, los datos que por dichos medios podemos obtener son nombre y apellidos, tel\u00e9fono, correo electr\u00f3nico y direcci\u00f3n f\u00edsica.<\/p>\n\n\n\n<h3 class=\"wp-block-heading\">Las finalidades del tratamiento de los datos personales<\/h3>\n\n\n\n<p>Sus datos personales ser\u00e1n utilizados para las siguientes finalidades:<\/p>\n\n\n\n<ul class=\"wp-block-list\"><li>Proveer servicios requeridos; para fines de seguimiento, actualizaci\u00f3n y confirmaci\u00f3n en cuanto a servicios contratados;<\/li><li>Informar sobre nuevos servicios que est\u00e9n relacionados con el contratado o adquirido por el cliente;<\/li><li>Dar cumplimiento a obligaciones contra\u00eddas con nuestros clientes;<\/li><li>Informar sobre cambios de nuestros servicios;<\/li><li>Evaluar la calidad del servicio;<\/li><li>Seguridad de las personas;<\/li><li>Realizar estudios internos sobre h\u00e1bitos de consumo, para fines crediticios y financieros, estad\u00edsticos, encuestas de servicio, estudios de mercado, de mercadotecnia en aras de contribuir a la mejora de los servicios de comunicaci\u00f3n y atenci\u00f3n que se proporciona a los usuarios, as\u00ed como para ofrecer la gama de servicios que ofrecemos y comunicarle promociones, para evaluar la calidad del servicio y realizar estudios sobre h\u00e1bitos de consumo y preferencias.<\/li><\/ul>\n\n\n\n<h2 class=\"wp-block-heading\">Privacidad en sitios de redes sociales<\/h2>\n\n\n\n<p>Cuando utilizas un producto <em>Kactus Experiences<\/em>, en sitios de redes sociales como Facebook, el usuario permite a <em>Kactus Experiences<\/em> acceder a informaci\u00f3n personal y no personal que proporcion\u00f3 en redes sociales, como su nombre, nombre y apellidos, su identificador de usuario, su imagen de perfil y sus datos de uso para ese producto. Al acceder a trav\u00e9s de redes sociales, el usuario autoriza a <em>Kactus Experiences<\/em> a recopilar, almacenar y usar toda la informaci\u00f3n que acept\u00f3 en redes sociales y que pod\u00eda proporcionar a <em>Kactus Experiences<\/em>.<\/p>\n\n\n\n<p>En caso de aceptar alg\u00fan servicio ofrecido por <em>Kactus Experiences<\/em>, sus Datos ser\u00e1n utilizados para el cumplimiento de la relaci\u00f3n con usted y lo aqu\u00ed mencionado. Para efectos de su seguridad y de los dem\u00e1s, al utilizar alguno de nuestros servicios. En caso que usted desee manifestar OPOSICI\u00d3N a que sus datos personales sean tratados para las finalidades antes descritas, favor de enviar un correo electr\u00f3nico a la direcci\u00f3n <a href=\"mailto:kactustour.mx@gmail.com\">kactustour.<\/a><a href=\"mailto:kactustour.mx@gmail.com\" target=\"_blank\" rel=\"noreferrer noopener nofollow\">mx@gmail.com<\/a> o por escrito en idioma a espa\u00f1ol a la siguiente direcci\u00f3n: Zacatecas No.213, Col. Roma Norte, Alcald\u00eda Cuauht\u00e9moc, C.P. 06700, manifestando a qu\u00e9 finalidad o finalidades se opone.<\/p>\n\n\n\n<h3 class=\"wp-block-heading\">Limitaciones al uso de datos<\/h3>\n\n\n\n<p>Usted puede solicitar de promociones, ofertas y servicios de manera telef\u00f3nica, por correo electr\u00f3nico, donde indique su solicitud y los datos necesarios como lo son: Nombre completo (nombre y apellidos) copia simple de su identificaci\u00f3n oficial o en medios electr\u00f3nicos versi\u00f3n digitalizada de la misma (escaneo), tel\u00e9fono y direcci\u00f3n f\u00edsica o electr\u00f3nica a la direcci\u00f3n para fines de notificaciones relacionadas al caso a la siguiente direcci\u00f3n: Zacatecas No.213, Col. Roma Norte, Alcald\u00eda Cuauht\u00e9moc, C.P. 06700 <a href=\"mailto:kactustour.mx@gmail.com\"><\/a><a href=\"mailto:kactustour.mx@gmail.com\">kactustour.<\/a><a href=\"mailto:kactustour.mx@gmail.com\" target=\"_blank\" rel=\"noreferrer noopener nofollow\">mx@gmail.com<\/a><\/p>\n\n\n\n<h3 class=\"wp-block-heading\">Derechos ARCO<\/h3>\n\n\n\n<p>Usted o su representante legal debidamente acreditado podr\u00e1n limitar el uso o divulgaci\u00f3n de sus datos personales; podr\u00e1 ejercer, cuando procedan, los derechos de acceso, rectificaci\u00f3n, cancelaci\u00f3n u oposici\u00f3n que la Ley prev\u00e9 mediante solicitud presentada en el domicilio arriba se\u00f1alado; es importante mencionar que el ejercicio de cualquiera de dichos derechos no es requisito previo ni impide el ejercicio de otro derecho.<\/p>\n\n\n\n<h3 class=\"wp-block-heading\">Mecanismos para el ejercicio de los Derechos ARCO<\/h3>\n\n\n\n<p>Los Derechos antes descritos y la revocaci\u00f3n de su aprobaci\u00f3n para el tratamiento de sus datos personales, se ejercen a trav\u00e9s de la presentaci\u00f3n de la solicitud respectiva que por escrito y en idioma espa\u00f1ol debe presentar de manera gratuita en Zacatecas No.213, Col. Roma Norte, Alcald\u00eda Cuauht\u00e9moc, C.P. 06700 Oficina de <em>Kactus Experiences<\/em>, o por correo electr\u00f3nico a la direcci\u00f3n <a href=\"mailto:kactustour.mx@gmail.com\">kactustour.<\/a><a href=\"mailto:kactustour.mx@gmail.com\" target=\"_blank\" rel=\"noreferrer noopener nofollow\">mx@gmail.com<\/a>, o bien hacerla llegar por correo postal, previo pago del importe correspondiente, a la antes mencionada direcci\u00f3n y con atenci\u00f3n a la misma oficina.<\/p>\n\n\n\n<p>La solicitud deber\u00e1 indicar nombre completo (nombre y apellidos), copia simple, legible y vigente de identificaci\u00f3n oficial o en caso de utilizar medios electr\u00f3nicos, adjuntar la versi\u00f3n digitalizada de la misma (escaneo), en caso de representante legal, deber\u00e1 acompa\u00f1ar a la solicitud los documentos oficiales que acrediten dicha representaci\u00f3n, indicaci\u00f3n del correo electr\u00f3nico o direcci\u00f3n f\u00edsica que designe para notificaciones y alg\u00fan n\u00famero telef\u00f3nico de contacto.<\/p>\n\n\n\n<p>En caso de que la informaci\u00f3n proporcionada en su solicitud sea err\u00f3nea, insuficiente o no se acompa\u00f1en los documentos de acreditaci\u00f3n correspondientes, se le har\u00e1 un aviso dentro de los cinco d\u00edas h\u00e1biles siguientes a la recepci\u00f3n de su solicitud, para que env\u00ede los elementos o documentos necesarios para dar tr\u00e1mite a la misma. Contar\u00e1 con diez d\u00edas h\u00e1biles para atender el requerimiento, contados a partir del d\u00eda siguiente en que haya sido emitido. En caso de no dar respuesta en dicho plazo, se tendr\u00e1 por no presentada la solicitud correspondiente. En un plazo m\u00e1ximo de veinte d\u00edas h\u00e1biles contados a partir de la fecha de recepci\u00f3n de su solicitud de acceso, rectificaci\u00f3n, cancelaci\u00f3n u oposici\u00f3n, as\u00ed como de revocaci\u00f3n del tratamiento de datos personales, le daremos contestaci\u00f3n sobre la procedencia de la misma, por medio de correo electr\u00f3nico dirigido a su persona, enviado a la direcci\u00f3n de correo electr\u00f3nico que haya indicado en la propia solicitud o enviando carta al domicilio f\u00edsico que haya indicado para tales efectos (los veinte d\u00edas se dar\u00e1n por cumplidos al momento de entregar el documento al servicio postal), y se har\u00e1 efectiva dentro de los quince d\u00edas h\u00e1biles siguientes a que se comunique la respuesta sobre la procedencia de la misma.<\/p>\n\n\n\n<h3 class=\"wp-block-heading\">Transferencia de datos nacional e internacional<\/h3>\n\n\n\n<p>Sus datos personales pueden ser transferidos y tratados dentro y fuera del pa\u00eds, por personas distintas a <em>Kactus Experiences<\/em> como Instituciones Financieras, bancarias o crediticias, as\u00ed como con proveedores que para los fines del servicio contratado sea necesario, asimismo para fines informativos, promocionales, publicitarios o mercantiles.<\/p>\n\n\n\n<p>Si usted no manifiesta su oposici\u00f3n para que sus datos personales sean transferidos, se entender\u00e1 que ha otorgado su consentimiento para ello. Sus datos personales no ser\u00e1n transmitidos a terceros sin su consentimiento, de conformidad con el art\u00edculo 37 de la Ley, incluidas las dem\u00e1s excepciones previstas en dicho ordenamiento legal.<\/p>\n\n\n\n<h3 class=\"wp-block-heading\">Modificaciones al presente aviso de privacidad<\/h3>\n\n\n\n<p><em>Kactus Experiences<\/em> se reserva el derecho de efectuar en cualquier tiempo modificaciones o actualizaciones al presente aviso de privacidad. Las modificaciones que se efect\u00faen se pondr\u00e1n a disposici\u00f3n del p\u00fablico a trav\u00e9s de algunos de los siguientes medios: anuncio visible en nuestro establecimiento, v\u00eda nuestra p\u00e1gina de Internet, v\u00eda correo electr\u00f3nico o personalmente por medio de nuestros encargados al momento de acudir a nuestras instalaciones.<\/p>\n\n\n\n<h3 class=\"wp-block-heading\">Informaci\u00f3n en Internet<\/h3>\n\n\n\n<p>Hacemos de su conocimiento que cuando accede a nuestro Portal en Internet, es recibida por nuestra parte informaci\u00f3n referente a sus \u201ccookies\u201d (t\u00e9rmino definido abajo en la parte de Definiciones) y \u201cweb beacons\u201d (t\u00e9rmino definido abajo en la parte de Definiciones) para obtener informaci\u00f3n como lo es: su tipo de navegador y sistema operativo, las p\u00e1ginas de Internet que ha visitado recientemente, los v\u00ednculos que recientemente ha seguido, la direcci\u00f3n IP de su computadora, el sitio que cerr\u00f3 antes de entrar a nuestro portal en Internet.<\/p>\n\n\n\n<h3 class=\"wp-block-heading\">Datos personales sensibles<\/h3>\n\n\n\n<p><em>Kactus Experiences<\/em> no recabar\u00e1 ni tratar\u00e1 datos personales sensibles.<\/p>\n\n\n\n<h3 class=\"wp-block-heading\">Definiciones<\/h3>\n\n\n\n<p>Se entiende para efectos del presente aviso de Privacidad lo siguiente:<\/p>\n\n\n\n<ol class=\"wp-block-list\"><li>Cookies. \u2013 Son los archivos de texto que se descargan autom\u00e1ticamente y se almacenan en el disco duro del equipo de c\u00f3mputo del usuario al navegar en una p\u00e1gina o portal de Internet espec\u00edfico, que permiten almacenar al servidor de Internet ciertos datos, entre ellos, paginas preferidas de visualizaci\u00f3n en Internet, algunas claves y contrase\u00f1as.<\/li><li>Web beacons. \u2013 Im\u00e1genes insertadas en p\u00e1ginas o portales de Internet as\u00ed como en correos electr\u00f3nicos y que entre otros pueden almacenar informaci\u00f3n de la direcci\u00f3n IP del usuario, tiempo de interacci\u00f3n en los sitios web, entre otros.<\/li><li>D\u00edas. \u2013 Por disposici\u00f3n del Art\u00edculo 3\u00b0 en su fracci\u00f3n IIII de la Ley Federal de Protecci\u00f3n de Datos Personales en Posesi\u00f3n De los Particulares los plazos y tiempos estipulados en d\u00edas, se contar\u00e1n en d\u00edas h\u00e1biles.<\/li><li>Derechos ARCO. \u2013 Son los Derechos de Acceso, Rectificaci\u00f3n, Cancelaci\u00f3n y Oposici\u00f3n, consagrados de en la Ley que por sus siglas forman dicha palabra.<\/li><li>Ley. \u2013 Hace referencia a la Ley Federal de Protecci\u00f3n de Datos Personales en Posesi\u00f3n De los Particulares, publicada en el Diario Oficial de la Federaci\u00f3n el 5 de julio de 2010.<\/li><li>Datos personales sensibles. \u2013 Aquellos datos personales que afecten a la esfera m\u00e1s \u00edntima de su titular, o cuya utilizaci\u00f3n indebida pueda dar origen a discriminaci\u00f3n o conlleve un riesgo grave para \u00e9ste. En particular, se consideran sensibles aquellos que puedan revelar aspectos como origen racial o \u00e9tnico, estado de salud presente y futuro, informaci\u00f3n gen\u00e9tica, creencias religiosas, filos\u00f3ficas y morales, afiliaci\u00f3n sindical, opiniones pol\u00edticas, preferencia sexual.<\/li><\/ol>\n\n\n\n<p><\/p>\n\n\n\n<p><em>Fecha de \u00faltima modificaci\u00f3n: 17 de enero 2019.<\/em><\/p>\n","protected":false},"excerpt":{"rendered":"<p>El presente aviso de privacidad se emite en cumplimiento por lo dispuesto por el art\u00edculo 15 de la Ley Federal de Protecci\u00f3n de Datos Personales en Posesi\u00f3n de los Particulares publicada el 5 de julio de 2010 en el Diario Oficial de la Federaci\u00f3n, se pone a disposici\u00f3n de los usuarios que entreguen datos o [&hellip;]<\/p>\n","protected":false},"author":1,"featured_media":0,"parent":0,"menu_order":0,"comment_status":"closed","ping_status":"open","template":"","meta":{"nf_dc_page":"","_joinchat":[],"footnotes":""},"class_list":["post-3","page","type-page","status-publish","hentry"],"yoast_head":"<!-- This site is optimized with the Yoast SEO plugin v27.4 - https:\/\/yoast.com\/product\/yoast-seo-wordpress\/ -->\n<title>Aviso de Privacidad - Kactus Mx<\/title>\n<meta name=\"robots\" content=\"index, follow, max-snippet:-1, max-image-preview:large, max-video-preview:-1\" \/>\n<link rel=\"canonical\" href=\"https:\/\/kactus.com.mx\/aviso-de-privacidad\/\" \/>\n<meta property=\"og:locale\" content=\"en_US\" \/>\n<meta property=\"og:type\" content=\"article\" \/>\n<meta property=\"og:title\" content=\"Aviso de Privacidad - Kactus Mx\" \/>\n<meta property=\"og:description\" content=\"El presente aviso de privacidad se emite en cumplimiento por lo dispuesto por el art\u00edculo 15 de la Ley Federal de Protecci\u00f3n de Datos Personales en Posesi\u00f3n de los Particulares publicada el 5 de julio de 2010 en el Diario Oficial de la Federaci\u00f3n, se pone a disposici\u00f3n de los usuarios que entreguen datos o [&hellip;]\" \/>\n<meta property=\"og:url\" content=\"https:\/\/kactus.com.mx\/aviso-de-privacidad\/\" \/>\n<meta property=\"og:site_name\" content=\"Kactus Mx\" \/>\n<meta property=\"article:publisher\" content=\"https:\/\/www.facebook.com\/KactusExperiences\/\" \/>\n<meta property=\"article:modified_time\" content=\"2022-04-14T06:01:50+00:00\" \/>\n<meta name=\"twitter:card\" content=\"summary_large_image\" \/>\n<meta name=\"twitter:label1\" content=\"Est. reading time\" \/>\n\t<meta name=\"twitter:data1\" content=\"8 minutes\" \/>\n<script type=\"application\/ld+json\" class=\"yoast-schema-graph\">{\"@context\":\"https:\\\/\\\/schema.org\",\"@graph\":[{\"@type\":\"WebPage\",\"@id\":\"https:\\\/\\\/kactus.com.mx\\\/aviso-de-privacidad\\\/\",\"url\":\"https:\\\/\\\/kactus.com.mx\\\/aviso-de-privacidad\\\/\",\"name\":\"Aviso de Privacidad - Kactus Mx\",\"isPartOf\":{\"@id\":\"https:\\\/\\\/kactus.com.mx\\\/#website\"},\"datePublished\":\"2022-02-07T17:43:10+00:00\",\"dateModified\":\"2022-04-14T06:01:50+00:00\",\"breadcrumb\":{\"@id\":\"https:\\\/\\\/kactus.com.mx\\\/aviso-de-privacidad\\\/#breadcrumb\"},\"inLanguage\":\"en-US\",\"potentialAction\":[{\"@type\":\"ReadAction\",\"target\":[\"https:\\\/\\\/kactus.com.mx\\\/aviso-de-privacidad\\\/\"]}]},{\"@type\":\"BreadcrumbList\",\"@id\":\"https:\\\/\\\/kactus.com.mx\\\/aviso-de-privacidad\\\/#breadcrumb\",\"itemListElement\":[{\"@type\":\"ListItem\",\"position\":1,\"name\":\"Home\",\"item\":\"https:\\\/\\\/kactus.com.mx\\\/\"},{\"@type\":\"ListItem\",\"position\":2,\"name\":\"Aviso de Privacidad\"}]},{\"@type\":\"WebSite\",\"@id\":\"https:\\\/\\\/kactus.com.mx\\\/#website\",\"url\":\"https:\\\/\\\/kactus.com.mx\\\/\",\"name\":\"Kactus Mx\",\"description\":\"\",\"publisher\":{\"@id\":\"https:\\\/\\\/kactus.com.mx\\\/#organization\"},\"potentialAction\":[{\"@type\":\"SearchAction\",\"target\":{\"@type\":\"EntryPoint\",\"urlTemplate\":\"https:\\\/\\\/kactus.com.mx\\\/?s={search_term_string}\"},\"query-input\":{\"@type\":\"PropertyValueSpecification\",\"valueRequired\":true,\"valueName\":\"search_term_string\"}}],\"inLanguage\":\"en-US\"},{\"@type\":\"Organization\",\"@id\":\"https:\\\/\\\/kactus.com.mx\\\/#organization\",\"name\":\"Kactus Mx\",\"url\":\"https:\\\/\\\/kactus.com.mx\\\/\",\"logo\":{\"@type\":\"ImageObject\",\"inLanguage\":\"en-US\",\"@id\":\"https:\\\/\\\/kactus.com.mx\\\/#\\\/schema\\\/logo\\\/image\\\/\",\"url\":\"https:\\\/\\\/i0.wp.com\\\/kactus.com.mx\\\/wp-content\\\/uploads\\\/2022\\\/06\\\/logo-kactus-vertical-sin-slogan.jpg?fit=1898%2C1068&ssl=1\",\"contentUrl\":\"https:\\\/\\\/i0.wp.com\\\/kactus.com.mx\\\/wp-content\\\/uploads\\\/2022\\\/06\\\/logo-kactus-vertical-sin-slogan.jpg?fit=1898%2C1068&ssl=1\",\"width\":1898,\"height\":1068,\"caption\":\"Kactus Mx\"},\"image\":{\"@id\":\"https:\\\/\\\/kactus.com.mx\\\/#\\\/schema\\\/logo\\\/image\\\/\"},\"sameAs\":[\"https:\\\/\\\/www.facebook.com\\\/KactusExperiences\\\/\",\"https:\\\/\\\/www.instagram.com\\\/kactustour.mx\\\/\"]}]}<\/script>\n<!-- \/ Yoast SEO plugin. -->","yoast_head_json":{"title":"Aviso de Privacidad - Kactus Mx","robots":{"index":"index","follow":"follow","max-snippet":"max-snippet:-1","max-image-preview":"max-image-preview:large","max-video-preview":"max-video-preview:-1"},"canonical":"https:\/\/kactus.com.mx\/aviso-de-privacidad\/","og_locale":"en_US","og_type":"article","og_title":"Aviso de Privacidad - Kactus Mx","og_description":"El presente aviso de privacidad se emite en cumplimiento por lo dispuesto por el art\u00edculo 15 de la Ley Federal de Protecci\u00f3n de Datos Personales en Posesi\u00f3n de los Particulares publicada el 5 de julio de 2010 en el Diario Oficial de la Federaci\u00f3n, se pone a disposici\u00f3n de los usuarios que entreguen datos o [&hellip;]","og_url":"https:\/\/kactus.com.mx\/aviso-de-privacidad\/","og_site_name":"Kactus Mx","article_publisher":"https:\/\/www.facebook.com\/KactusExperiences\/","article_modified_time":"2022-04-14T06:01:50+00:00","twitter_card":"summary_large_image","twitter_misc":{"Est. reading time":"8 minutes"},"schema":{"@context":"https:\/\/schema.org","@graph":[{"@type":"WebPage","@id":"https:\/\/kactus.com.mx\/aviso-de-privacidad\/","url":"https:\/\/kactus.com.mx\/aviso-de-privacidad\/","name":"Aviso de Privacidad - Kactus Mx","isPartOf":{"@id":"https:\/\/kactus.com.mx\/#website"},"datePublished":"2022-02-07T17:43:10+00:00","dateModified":"2022-04-14T06:01:50+00:00","breadcrumb":{"@id":"https:\/\/kactus.com.mx\/aviso-de-privacidad\/#breadcrumb"},"inLanguage":"en-US","potentialAction":[{"@type":"ReadAction","target":["https:\/\/kactus.com.mx\/aviso-de-privacidad\/"]}]},{"@type":"BreadcrumbList","@id":"https:\/\/kactus.com.mx\/aviso-de-privacidad\/#breadcrumb","itemListElement":[{"@type":"ListItem","position":1,"name":"Home","item":"https:\/\/kactus.com.mx\/"},{"@type":"ListItem","position":2,"name":"Aviso de Privacidad"}]},{"@type":"WebSite","@id":"https:\/\/kactus.com.mx\/#website","url":"https:\/\/kactus.com.mx\/","name":"Kactus Mx","description":"","publisher":{"@id":"https:\/\/kactus.com.mx\/#organization"},"potentialAction":[{"@type":"SearchAction","target":{"@type":"EntryPoint","urlTemplate":"https:\/\/kactus.com.mx\/?s={search_term_string}"},"query-input":{"@type":"PropertyValueSpecification","valueRequired":true,"valueName":"search_term_string"}}],"inLanguage":"en-US"},{"@type":"Organization","@id":"https:\/\/kactus.com.mx\/#organization","name":"Kactus Mx","url":"https:\/\/kactus.com.mx\/","logo":{"@type":"ImageObject","inLanguage":"en-US","@id":"https:\/\/kactus.com.mx\/#\/schema\/logo\/image\/","url":"https:\/\/i0.wp.com\/kactus.com.mx\/wp-content\/uploads\/2022\/06\/logo-kactus-vertical-sin-slogan.jpg?fit=1898%2C1068&ssl=1","contentUrl":"https:\/\/i0.wp.com\/kactus.com.mx\/wp-content\/uploads\/2022\/06\/logo-kactus-vertical-sin-slogan.jpg?fit=1898%2C1068&ssl=1","width":1898,"height":1068,"caption":"Kactus Mx"},"image":{"@id":"https:\/\/kactus.com.mx\/#\/schema\/logo\/image\/"},"sameAs":["https:\/\/www.facebook.com\/KactusExperiences\/","https:\/\/www.instagram.com\/kactustour.mx\/"]}]}},"jetpack_sharing_enabled":true,"_links":{"self":[{"href":"https:\/\/kactus.com.mx\/staging\/8500\/wp-json\/wp\/v2\/pages\/3","targetHints":{"allow":["GET"]}}],"collection":[{"href":"https:\/\/kactus.com.mx\/staging\/8500\/wp-json\/wp\/v2\/pages"}],"about":[{"href":"https:\/\/kactus.com.mx\/staging\/8500\/wp-json\/wp\/v2\/types\/page"}],"author":[{"embeddable":true,"href":"https:\/\/kactus.com.mx\/staging\/8500\/wp-json\/wp\/v2\/users\/1"}],"replies":[{"embeddable":true,"href":"https:\/\/kactus.com.mx\/staging\/8500\/wp-json\/wp\/v2\/comments?post=3"}],"version-history":[{"count":4,"href":"https:\/\/kactus.com.mx\/staging\/8500\/wp-json\/wp\/v2\/pages\/3\/revisions"}],"predecessor-version":[{"id":952,"href":"https:\/\/kactus.com.mx\/staging\/8500\/wp-json\/wp\/v2\/pages\/3\/revisions\/952"}],"wp:attachment":[{"href":"https:\/\/kactus.com.mx\/staging\/8500\/wp-json\/wp\/v2\/media?parent=3"}],"curies":[{"name":"wp","href":"https:\/\/api.w.org\/{rel}","templated":true}]}}